{"id":1503,"date":"2023-01-08T15:10:31","date_gmt":"2023-01-08T15:10:31","guid":{"rendered":"http:\/\/localhost:10175\/privacidade\/"},"modified":"2025-10-30T00:26:42","modified_gmt":"2025-10-30T00:26:42","slug":"privacidade","status":"publish","type":"page","link":"https:\/\/vertico.com.br\/es\/privacidade\/","title":{"rendered":"Pol\u00edtica de Privacidad"},"content":{"rendered":"<p>M\u00e1s que una actitud, <strong>el respeto por las personas<\/strong> es lo que gu\u00eda a Vertico Human Capital.<\/p>\n<p>Desde la primera interacci\u00f3n, quienes participan en nuestros procesos y utilizan nuestros servicios notan la diferencia en nuestro enfoque. Y no podr\u00eda ser diferente cuando se trata del manejo de datos personales. Tratamos toda la informaci\u00f3n que procesamos con el respeto y la atenci\u00f3n que merece. Adem\u00e1s de cumplir con la <strong>Ley General de Protecci\u00f3n de Datos (LGPD)<\/strong>, manejamos los datos personales tal como nos gustar\u00eda que manejaran los nuestros: \u00a1con el m\u00e1ximo respeto!<\/p>\n<p>El cumplimiento de la LGPD fue solo el comienzo. Vertico sigue implementando e invirtiendo en protecci\u00f3n de datos, capacitaciones y herramientas que ayudan a reducir los riesgos operativos, contribuyendo a un mundo m\u00e1s seguro y consciente.<\/p>\n<p><strong>Accede a nuestros documentos:<\/strong><\/p>\n<ul>\n<li><a href=\"https:\/\/vertico.com.br\/wp-content\/uploads\/2023\/02\/politica_de_privacidade_e_protecao_de_dados.pdf\">Pol\u00edtica de Privacidad y Protecci\u00f3n de Datos<\/a><\/li>\n<li><a href=\"https:\/\/vertico.com.br\/wp-content\/uploads\/2023\/02\/aviso_de_privacidade_para_candidatos.pdf\">Aviso de Privacidad para Candidatos<\/a><\/li>\n<li><a href=\"https:\/\/vertico.com.br\/wp-content\/uploads\/2023\/02\/aviso_de_privacidade_de_dados_pessoais_para_referencias_profissionais_dos_candidatos_da_vertico.pdf\">Aviso de Privacidad para Referencias Profesionales<\/a><\/li>\n<li><a href=\"https:\/\/vertico.com.br\/wp-content\/uploads\/2023\/02\/aviso_de_privacidade_para_clientes_e_fornecedores_vertico.pdf\">Aviso de Privacidad para Clientes y Proveedores<\/a><\/li>\n<li><a href=\"https:\/\/vertico.com.br\/wp-content\/uploads\/2023\/02\/aviso_de_privacidade_para_colaboradores_vertico.pdf\">Aviso de Privacidad para Empleados de Vertico<\/a><\/li>\n<\/ul>\n<p>Titulares de Datos Personales, <strong><a href=\"https:\/\/docs.google.com\/forms\/d\/e\/1FAIpQLScgKz-4ifFZjiLu3d7Bt6v3Z1wCfxe7ErlIP5YXR7cwqn58yQ\/viewform\" target=\"_blank\" rel=\"noopener\">aqu\u00ed<\/a><\/strong> <strong>puedes ejercer tus derechos<\/strong> y realizar tus solicitudes a Vertico.<\/p>\n","protected":false},"excerpt":{"rendered":"<p>M\u00e1s que una actitud, el respeto por las personas es lo que gu\u00eda a Vertico Human Capital. Desde la primera interacci\u00f3n, quienes participan en nuestros procesos y utilizan nuestros servicios notan la diferencia en nuestro enfoque. Y no podr\u00eda ser diferente cuando se trata del manejo de datos personales. Tratamos toda la informaci\u00f3n que procesamos [&hellip;]<\/p>\n","protected":false},"author":1,"featured_media":0,"parent":0,"menu_order":0,"comment_status":"closed","ping_status":"closed","template":"","meta":{"_acf_changed":false,"footnotes":""},"class_list":["post-1503","page","type-page","status-publish","hentry"],"acf":[],"yoast_head":"<!-- This site is optimized with the Yoast SEO plugin v26.2 - https:\/\/yoast.com\/wordpress\/plugins\/seo\/ -->\n<title>Pol\u00edtica de Privacidad - Vertico<\/title>\n<meta name=\"robots\" content=\"index, follow, max-snippet:-1, max-image-preview:large, max-video-preview:-1\" \/>\n<link rel=\"canonical\" href=\"https:\/\/vertico.com.br\/es\/privacidade\/\" \/>\n<meta property=\"og:locale\" content=\"es_ES\" \/>\n<meta property=\"og:type\" content=\"article\" \/>\n<meta property=\"og:title\" content=\"Pol\u00edtica de Privacidad - Vertico\" \/>\n<meta property=\"og:description\" content=\"M\u00e1s que una actitud, el respeto por las personas es lo que gu\u00eda a Vertico Human Capital. Desde la primera interacci\u00f3n, quienes participan en nuestros procesos y utilizan nuestros servicios notan la diferencia en nuestro enfoque. Y no podr\u00eda ser diferente cuando se trata del manejo de datos personales. Tratamos toda la informaci\u00f3n que procesamos [&hellip;]\" \/>\n<meta property=\"og:url\" content=\"https:\/\/vertico.com.br\/es\/privacidade\/\" \/>\n<meta property=\"og:site_name\" content=\"Vertico\" \/>\n<meta property=\"article:publisher\" content=\"https:\/\/www.instagram.com\/somos.vertico\/\" \/>\n<meta property=\"article:modified_time\" content=\"2025-10-30T00:26:42+00:00\" \/>\n<meta name=\"twitter:card\" content=\"summary_large_image\" \/>\n<meta name=\"twitter:label1\" content=\"Tiempo de lectura\" \/>\n\t<meta name=\"twitter:data1\" content=\"1 minuto\" \/>\n<script type=\"application\/ld+json\" class=\"yoast-schema-graph\">{\"@context\":\"https:\/\/schema.org\",\"@graph\":[{\"@type\":\"WebPage\",\"@id\":\"https:\/\/vertico.com.br\/es\/privacidade\/\",\"url\":\"https:\/\/vertico.com.br\/es\/privacidade\/\",\"name\":\"Pol\u00edtica de Privacidad - Vertico\",\"isPartOf\":{\"@id\":\"https:\/\/vertico.com.br\/#website\"},\"datePublished\":\"2023-01-08T15:10:31+00:00\",\"dateModified\":\"2025-10-30T00:26:42+00:00\",\"breadcrumb\":{\"@id\":\"https:\/\/vertico.com.br\/es\/privacidade\/#breadcrumb\"},\"inLanguage\":\"es\",\"potentialAction\":[{\"@type\":\"ReadAction\",\"target\":[\"https:\/\/vertico.com.br\/es\/privacidade\/\"]}]},{\"@type\":\"BreadcrumbList\",\"@id\":\"https:\/\/vertico.com.br\/es\/privacidade\/#breadcrumb\",\"itemListElement\":[{\"@type\":\"ListItem\",\"position\":1,\"name\":\"In\u00edcio\",\"item\":\"https:\/\/vertico.com.br\/es\/\"},{\"@type\":\"ListItem\",\"position\":2,\"name\":\"Pol\u00edtica de Privacidad\"}]},{\"@type\":\"WebSite\",\"@id\":\"https:\/\/vertico.com.br\/#website\",\"url\":\"https:\/\/vertico.com.br\/\",\"name\":\"Vertico\",\"description\":\"Unimos pessoascom sede de transformar\",\"publisher\":{\"@id\":\"https:\/\/vertico.com.br\/#organization\"},\"potentialAction\":[{\"@type\":\"SearchAction\",\"target\":{\"@type\":\"EntryPoint\",\"urlTemplate\":\"https:\/\/vertico.com.br\/?s={search_term_string}\"},\"query-input\":{\"@type\":\"PropertyValueSpecification\",\"valueRequired\":true,\"valueName\":\"search_term_string\"}}],\"inLanguage\":\"es\"},{\"@type\":\"Organization\",\"@id\":\"https:\/\/vertico.com.br\/#organization\",\"name\":\"Vertico\",\"url\":\"https:\/\/vertico.com.br\/\",\"logo\":{\"@type\":\"ImageObject\",\"inLanguage\":\"es\",\"@id\":\"https:\/\/vertico.com.br\/#\/schema\/logo\/image\/\",\"url\":\"https:\/\/vertico.com.br\/wp-content\/uploads\/2025\/10\/vertico_human_capital_logo.jpeg\",\"contentUrl\":\"https:\/\/vertico.com.br\/wp-content\/uploads\/2025\/10\/vertico_human_capital_logo.jpeg\",\"width\":200,\"height\":200,\"caption\":\"Vertico\"},\"image\":{\"@id\":\"https:\/\/vertico.com.br\/#\/schema\/logo\/image\/\"},\"sameAs\":[\"https:\/\/www.instagram.com\/somos.vertico\/\"]}]}<\/script>\n<!-- \/ Yoast SEO plugin. -->","yoast_head_json":{"title":"Pol\u00edtica de Privacidad - Vertico","robots":{"index":"index","follow":"follow","max-snippet":"max-snippet:-1","max-image-preview":"max-image-preview:large","max-video-preview":"max-video-preview:-1"},"canonical":"https:\/\/vertico.com.br\/es\/privacidade\/","og_locale":"es_ES","og_type":"article","og_title":"Pol\u00edtica de Privacidad - Vertico","og_description":"M\u00e1s que una actitud, el respeto por las personas es lo que gu\u00eda a Vertico Human Capital. Desde la primera interacci\u00f3n, quienes participan en nuestros procesos y utilizan nuestros servicios notan la diferencia en nuestro enfoque. Y no podr\u00eda ser diferente cuando se trata del manejo de datos personales. Tratamos toda la informaci\u00f3n que procesamos [&hellip;]","og_url":"https:\/\/vertico.com.br\/es\/privacidade\/","og_site_name":"Vertico","article_publisher":"https:\/\/www.instagram.com\/somos.vertico\/","article_modified_time":"2025-10-30T00:26:42+00:00","twitter_card":"summary_large_image","twitter_misc":{"Tiempo de lectura":"1 minuto"},"schema":{"@context":"https:\/\/schema.org","@graph":[{"@type":"WebPage","@id":"https:\/\/vertico.com.br\/es\/privacidade\/","url":"https:\/\/vertico.com.br\/es\/privacidade\/","name":"Pol\u00edtica de Privacidad - Vertico","isPartOf":{"@id":"https:\/\/vertico.com.br\/#website"},"datePublished":"2023-01-08T15:10:31+00:00","dateModified":"2025-10-30T00:26:42+00:00","breadcrumb":{"@id":"https:\/\/vertico.com.br\/es\/privacidade\/#breadcrumb"},"inLanguage":"es","potentialAction":[{"@type":"ReadAction","target":["https:\/\/vertico.com.br\/es\/privacidade\/"]}]},{"@type":"BreadcrumbList","@id":"https:\/\/vertico.com.br\/es\/privacidade\/#breadcrumb","itemListElement":[{"@type":"ListItem","position":1,"name":"In\u00edcio","item":"https:\/\/vertico.com.br\/es\/"},{"@type":"ListItem","position":2,"name":"Pol\u00edtica de Privacidad"}]},{"@type":"WebSite","@id":"https:\/\/vertico.com.br\/#website","url":"https:\/\/vertico.com.br\/","name":"Vertico","description":"Unimos pessoascom sede de transformar","publisher":{"@id":"https:\/\/vertico.com.br\/#organization"},"potentialAction":[{"@type":"SearchAction","target":{"@type":"EntryPoint","urlTemplate":"https:\/\/vertico.com.br\/?s={search_term_string}"},"query-input":{"@type":"PropertyValueSpecification","valueRequired":true,"valueName":"search_term_string"}}],"inLanguage":"es"},{"@type":"Organization","@id":"https:\/\/vertico.com.br\/#organization","name":"Vertico","url":"https:\/\/vertico.com.br\/","logo":{"@type":"ImageObject","inLanguage":"es","@id":"https:\/\/vertico.com.br\/#\/schema\/logo\/image\/","url":"https:\/\/vertico.com.br\/wp-content\/uploads\/2025\/10\/vertico_human_capital_logo.jpeg","contentUrl":"https:\/\/vertico.com.br\/wp-content\/uploads\/2025\/10\/vertico_human_capital_logo.jpeg","width":200,"height":200,"caption":"Vertico"},"image":{"@id":"https:\/\/vertico.com.br\/#\/schema\/logo\/image\/"},"sameAs":["https:\/\/www.instagram.com\/somos.vertico\/"]}]}},"_links":{"self":[{"href":"https:\/\/vertico.com.br\/es\/wp-json\/wp\/v2\/pages\/1503","targetHints":{"allow":["GET"]}}],"collection":[{"href":"https:\/\/vertico.com.br\/es\/wp-json\/wp\/v2\/pages"}],"about":[{"href":"https:\/\/vertico.com.br\/es\/wp-json\/wp\/v2\/types\/page"}],"author":[{"embeddable":true,"href":"https:\/\/vertico.com.br\/es\/wp-json\/wp\/v2\/users\/1"}],"replies":[{"embeddable":true,"href":"https:\/\/vertico.com.br\/es\/wp-json\/wp\/v2\/comments?post=1503"}],"version-history":[{"count":5,"href":"https:\/\/vertico.com.br\/es\/wp-json\/wp\/v2\/pages\/1503\/revisions"}],"predecessor-version":[{"id":1791,"href":"https:\/\/vertico.com.br\/es\/wp-json\/wp\/v2\/pages\/1503\/revisions\/1791"}],"wp:attachment":[{"href":"https:\/\/vertico.com.br\/es\/wp-json\/wp\/v2\/media?parent=1503"}],"curies":[{"name":"wp","href":"https:\/\/api.w.org\/{rel}","templated":true}]}}